{"id":31,"date":"2022-03-17T12:40:59","date_gmt":"2022-03-17T12:40:59","guid":{"rendered":"https:\/\/kadence.pixel-show.com\/blog-affiliate\/?page_id=31"},"modified":"2025-01-24T13:26:42","modified_gmt":"2025-01-24T13:26:42","slug":"uber-uns","status":"publish","type":"page","link":"https:\/\/kayakgonflable.com\/de\/uber-uns\/","title":{"rendered":"\u00dcber uns"},"content":{"rendered":"<style>.kb-row-layout-id31_721e3c-d4 > .kt-row-column-wrap{align-content:start;}:where(.kb-row-layout-id31_721e3c-d4 > .kt-row-column-wrap) > .wp-block-kadence-column{justify-content:start;}.kb-row-layout-id31_721e3c-d4 > .kt-row-column-wrap{column-gap:var(--global-kb-gap-md, 2rem);row-gap:var(--global-kb-gap-md, 2rem);max-width:600px;margin-left:auto;margin-right:auto;padding-top:200px;padding-right:0px;padding-bottom:150px;padding-left:0px;grid-template-columns:minmax(0, 1fr);}.kb-row-layout-id31_721e3c-d4 > .kt-row-layout-overlay{opacity:0.18;mix-blend-mode:normal;}@media all and (max-width: 1024px){.kb-row-layout-id31_721e3c-d4 > .kt-row-column-wrap{padding-top:80px;padding-right:20px;padding-bottom:80px;padding-left:20px;grid-template-columns:minmax(0, 1fr);}}@media all and (max-width: 767px){.kb-row-layout-id31_721e3c-d4 > .kt-row-column-wrap{grid-template-columns:minmax(0, 1fr);}}<\/style><div class=\"kb-row-layout-wrap kb-row-layout-id31_721e3c-d4 alignnone has-theme-palette3-background-color kt-row-has-bg wp-block-kadence-rowlayout\"><div class=\"kt-row-column-wrap kt-has-1-columns kt-row-layout-equal kt-tab-layout-inherit kt-mobile-layout-row kt-row-valign-top\">\n<style>.kadence-column31_513750-74 > .kt-inside-inner-col{padding-right:0px;padding-left:0px;}.kadence-column31_513750-74 > .kt-inside-inner-col,.kadence-column31_513750-74 > .kt-inside-inner-col:before{border-top-left-radius:0px;border-top-right-radius:0px;border-bottom-right-radius:0px;border-bottom-left-radius:0px;}.kadence-column31_513750-74 > .kt-inside-inner-col{column-gap:var(--global-kb-gap-sm, 1rem);}.kadence-column31_513750-74 > .kt-inside-inner-col{flex-direction:column;}.kadence-column31_513750-74 > .kt-inside-inner-col > .aligncenter{width:100%;}.kadence-column31_513750-74 > .kt-inside-inner-col:before{opacity:0.3;}.kadence-column31_513750-74{position:relative;}.kadence-column31_513750-74, .kt-inside-inner-col > .kadence-column31_513750-74:not(.specificity){margin-right:0px;margin-left:0px;}@media all and (max-width: 1024px){.kadence-column31_513750-74 > .kt-inside-inner-col{flex-direction:column;justify-content:center;}}@media all and (max-width: 767px){.kadence-column31_513750-74 > .kt-inside-inner-col{flex-direction:column;justify-content:center;}}<\/style>\n<div class=\"wp-block-kadence-column kadence-column31_513750-74 inner-column-1\"><div class=\"kt-inside-inner-col\"><style>.wp-block-kadence-advancedheading.kt-adv-heading31_e43d28-13, .wp-block-kadence-advancedheading.kt-adv-heading31_e43d28-13[data-kb-block=\"kb-adv-heading31_e43d28-13\"]{padding-bottom:20px;margin-top:0px;margin-bottom:0px;text-align:center;font-style:normal;text-transform:capitalize;}.wp-block-kadence-advancedheading.kt-adv-heading31_e43d28-13 mark.kt-highlight, .wp-block-kadence-advancedheading.kt-adv-heading31_e43d28-13[data-kb-block=\"kb-adv-heading31_e43d28-13\"] mark.kt-highlight{font-style:normal;color:#f76a0c;-webkit-box-decoration-break:clone;box-decoration-break:clone;padding-top:0px;padding-right:0px;padding-bottom:0px;padding-left:0px;}.wp-block-kadence-advancedheading.kt-adv-heading31_e43d28-13 img.kb-inline-image, .wp-block-kadence-advancedheading.kt-adv-heading31_e43d28-13[data-kb-block=\"kb-adv-heading31_e43d28-13\"] img.kb-inline-image{width:150px;vertical-align:baseline;}@media all and (max-width: 767px){.wp-block-kadence-advancedheading.kt-adv-heading31_e43d28-13, .wp-block-kadence-advancedheading.kt-adv-heading31_e43d28-13[data-kb-block=\"kb-adv-heading31_e43d28-13\"]{font-size:30px;text-align:center!important;}}<\/style>\n<h1 class=\"kt-adv-heading31_e43d28-13 wp-block-kadence-advancedheading has-theme-palette-9-color has-text-color\" data-kb-block=\"kb-adv-heading31_e43d28-13\">WIR SIND F\u00dcR SIE DA!<\/h1>\n<\/div><\/div>\n\n<\/div><\/div>\n\n<style>.kb-row-layout-id31_aaf7c7-08 > .kt-row-column-wrap{align-content:start;}:where(.kb-row-layout-id31_aaf7c7-08 > .kt-row-column-wrap) > .wp-block-kadence-column{justify-content:start;}.kb-row-layout-id31_aaf7c7-08 > .kt-row-column-wrap{column-gap:var(--global-kb-gap-md, 2rem);row-gap:var(--global-kb-gap-md, 2rem);max-width:var( --global-content-width, 1290px );padding-left:var(--global-content-edge-padding);padding-right:var(--global-content-edge-padding);padding-top:40px;padding-right:20px;padding-bottom:80px;padding-left:20px;grid-template-columns:minmax(0, 1fr);}.kb-row-layout-id31_aaf7c7-08 > .kt-row-layout-overlay{opacity:0.30;}@media all and (max-width: 1024px){.kb-row-layout-id31_aaf7c7-08 > .kt-row-column-wrap{padding-top:60px;padding-right:20px;padding-bottom:60px;padding-left:20px;grid-template-columns:minmax(0, 1fr);}}@media all and (max-width: 767px){.kb-row-layout-id31_aaf7c7-08 > .kt-row-column-wrap{padding-top:40px;padding-right:20px;padding-bottom:40px;padding-left:20px;grid-template-columns:minmax(0, 1fr);}}<\/style><div class=\"kb-row-layout-wrap kb-row-layout-id31_aaf7c7-08 alignnone wp-block-kadence-rowlayout\"><div class=\"kt-row-column-wrap kt-has-1-columns kt-row-layout-equal kt-tab-layout-inherit kt-mobile-layout-row kt-row-valign-top kb-theme-content-width\">\n<style>.kadence-column31_53a8b3-24 > .kt-inside-inner-col,.kadence-column31_53a8b3-24 > .kt-inside-inner-col:before{border-top-left-radius:0px;border-top-right-radius:0px;border-bottom-right-radius:0px;border-bottom-left-radius:0px;}.kadence-column31_53a8b3-24 > .kt-inside-inner-col{column-gap:var(--global-kb-gap-sm, 1rem);}.kadence-column31_53a8b3-24 > .kt-inside-inner-col{flex-direction:column;}.kadence-column31_53a8b3-24 > .kt-inside-inner-col > .aligncenter{width:100%;}.kadence-column31_53a8b3-24 > .kt-inside-inner-col:before{opacity:0.3;}.kadence-column31_53a8b3-24{position:relative;}@media all and (max-width: 1024px){.kadence-column31_53a8b3-24 > .kt-inside-inner-col{flex-direction:column;justify-content:center;}}@media all and (max-width: 767px){.kadence-column31_53a8b3-24 > .kt-inside-inner-col{flex-direction:column;justify-content:center;}}<\/style>\n<div class=\"wp-block-kadence-column kadence-column31_53a8b3-24\"><div class=\"kt-inside-inner-col\">\n<p>Kayak Gonflable ist Ihre ultimative Quelle f\u00fcr alles, was mit dem Wasser zu tun hat. Dank unserer langj\u00e4hrigen Erfahrung sind wir Ihre vertrauensw\u00fcrdige Quelle f\u00fcr qualitativ hochwertige Informationen \u00fcber Kajakfahren, Bootfahren, PFDs, Katamarane, Standup-Paddleboarding und vieles mehr. Egal, ob Sie ein erfahrener Paddler sind oder gerade erst Ihre Zehen in den Wassersport tauchen, wir haben alles f\u00fcr Sie. <\/p>\n\n\n\n<p>Unser Team aus Outdoor-Experten ist bestrebt, Ihnen die aufschlussreichsten, unvoreingenommensten und aktuellsten Inhalte bereitzustellen. Manchmal kann es ziemlich schwierig werden, eine Entscheidung zu treffen <a href=\"https:\/\/kayakgonflable.com\/de\/beste-aufblasbare-kajaks\/\">N\u00e4chstes aufblasbares Kajak zum Kaufen<\/a>, das n\u00e4chste Stand-Up-Paddle-Board oder vielleicht sogar Ihre n\u00e4chste Angelrute. <\/p>\n\n\n\n<p>We don&#8217;t stop at just providing valuable information; we also serve as your go-to source for practical advice, product recommendations, and safety tips to ensure your adventures are as fun as they are secure. We are fully aware of how valuable your time is, so we&#8217;ve made it our mission to deliver content that&#8217;s concise, informative, and engaging. No fluff, just the essentials to fuel your passion and curiosity. <\/p>\n\n\n\n<p>As awesome as water sports can be, we\u2019re also quite concerned about your safety, and that of your water vessel. Here are some very useful websites to aid your Kayaking,\u00a0Fishing, Boating,\u00a0and SUP Experience:<\/p>\n\n\n\n<ul class=\"wp-block-list\">\n<li><a href=\"https:\/\/uscgboating.org\/\" target=\"_blank\" rel=\"noreferrer noopener\">Bootssicherheit der K\u00fcstenwache der Vereinigten Staaten<\/a><\/li>\n\n\n\n<li><a href=\"https:\/\/www.discoverboating.com\/resources\/safe-fishing-tips\" target=\"_blank\" rel=\"noreferrer noopener\">Entdecken Sie Bootfahren Angeln Sicherheitstipps<\/a><\/li>\n\n\n\n<li><a href=\"https:\/\/www.watersafetyusa.org\/water-competency.html\" target=\"_blank\" rel=\"noreferrer noopener\">Wasserkompetenz: Wassersicherheit USA<\/a><\/li>\n\n\n\n<li><a href=\"https:\/\/www.boatus.org\/\" target=\"_blank\" rel=\"noreferrer noopener\">Boot U.S. Stiftung<\/a><\/li>\n\n\n\n<li><a href=\"https:\/\/www.americancanoe.org\/page\/FindCourses\" target=\"_blank\" rel=\"noreferrer noopener\">Amerikanische Paddelsportkurse<\/a><\/li>\n\n\n\n<li><a href=\"https:\/\/rnli.org\/safety\/choose-your-activity\/angling#summary\" target=\"_blank\" rel=\"noreferrer noopener\">Die K\u00f6nigliche Nationale Rettungsbootanstalt (RNLI)<\/a><\/li>\n\n\n\n<li><a href=\"https:\/\/www.seafish.org\/responsible-sourcing\/tools-for-ethical-seafood-sourcing\/records\/safety-folder\/\" target=\"_blank\" rel=\"noreferrer noopener\">SeaFish Safe Folder<\/a><\/li>\n<\/ul>\n\n\n\n<p>Sind Sie bereit, kopf\u00fcber in die Welt des Kajakfahrens, des Bootfahrens und aller anderen Wassersportarten einzutauchen? Dann mach mit <a href=\"https:\/\/kayakgonflable.com\/de\/\">Kayak Gonflable<\/a>und lassen Sie uns Wellen schlagen!<\/p>\n\n\n\n<p>Haben Sie Fragen? Wenden Sie sich an uns, stellen Sie Anfragen, oder lernen Sie uns hier einfach kennen:&nbsp;<a href=\"https:\/\/kayakgonflable.com\/de\/kontakt\/\">Kontakt<\/a>&nbsp;<\/p>\n<\/div><\/div>\n\n<\/div><\/div>\n\n<style>.kb-row-layout-id31_30f241-3c > .kt-row-column-wrap{align-content:start;}:where(.kb-row-layout-id31_30f241-3c > .kt-row-column-wrap) > .wp-block-kadence-column{justify-content:start;}.kb-row-layout-id31_30f241-3c > .kt-row-column-wrap{column-gap:var(--global-kb-gap-md, 2rem);row-gap:var(--global-kb-gap-md, 2rem);max-width:var( --global-content-width, 1290px );padding-left:var(--global-content-edge-padding);padding-right:var(--global-content-edge-padding);padding-top:40px;padding-right:20px;padding-bottom:80px;padding-left:20px;grid-template-columns:minmax(0, 1fr);}.kb-row-layout-id31_30f241-3c > .kt-row-layout-overlay{opacity:0.30;}@media all and (max-width: 1024px){.kb-row-layout-id31_30f241-3c > .kt-row-column-wrap{grid-template-columns:minmax(0, 1fr);}}@media all and (max-width: 767px){.kb-row-layout-id31_30f241-3c > .kt-row-column-wrap{padding-top:40px;padding-right:20px;padding-bottom:40px;padding-left:20px;grid-template-columns:minmax(0, 1fr);}}<\/style><div class=\"kb-row-layout-wrap kb-row-layout-id31_30f241-3c alignnone wp-block-kadence-rowlayout\"><div class=\"kt-row-column-wrap kt-has-1-columns kt-row-layout-equal kt-tab-layout-inherit kt-mobile-layout-row kt-row-valign-top kb-theme-content-width\">\n<style>.kadence-column31_3006f5-8c > .kt-inside-inner-col,.kadence-column31_3006f5-8c > .kt-inside-inner-col:before{border-top-left-radius:0px;border-top-right-radius:0px;border-bottom-right-radius:0px;border-bottom-left-radius:0px;}.kadence-column31_3006f5-8c > .kt-inside-inner-col{column-gap:var(--global-kb-gap-sm, 1rem);}.kadence-column31_3006f5-8c > .kt-inside-inner-col{flex-direction:column;}.kadence-column31_3006f5-8c > .kt-inside-inner-col > .aligncenter{width:100%;}.kadence-column31_3006f5-8c > .kt-inside-inner-col:before{opacity:0.3;}.kadence-column31_3006f5-8c{position:relative;}@media all and (max-width: 1024px){.kadence-column31_3006f5-8c > .kt-inside-inner-col{flex-direction:column;justify-content:center;}}@media all and (max-width: 767px){.kadence-column31_3006f5-8c > .kt-inside-inner-col{flex-direction:column;justify-content:center;}}<\/style>\n<div class=\"wp-block-kadence-column kadence-column31_3006f5-8c\"><div class=\"kt-inside-inner-col\"><\/div><\/div>\n\n<\/div><\/div>","protected":false},"excerpt":{"rendered":"<p>WE ARE HERE FOR YOU! Kayak Gonflable is your ultimate resource for all things aquatic adventuring. With a wealth of experience, we are your trusted source for quality information on kayaking, boating, PFDs, catamarans, standup paddleboarding, and so much more. Whether you&#8217;re a seasoned paddler or just dipping your toes into water sports, we&#8217;ve got&#8230;<\/p>","protected":false},"author":1,"featured_media":0,"parent":0,"menu_order":0,"comment_status":"closed","ping_status":"closed","template":"","meta":{"_kad_blocks_custom_css":"","_kad_blocks_head_custom_js":"","_kad_blocks_body_custom_js":"","_kad_blocks_footer_custom_js":"","_kad_post_transparent":"","_kad_post_title":"hide","_kad_post_layout":"fullwidth","_kad_post_sidebar_id":"","_kad_post_content_style":"unboxed","_kad_post_vertical_padding":"hide","_kad_post_feature":"hide","_kad_post_feature_position":"","_kad_post_header":false,"_kad_post_footer":false,"_kad_post_classname":"","footnotes":""},"class_list":["post-31","page","type-page","status-publish","hentry"],"taxonomy_info":[],"featured_image_src_large":false,"author_info":{"display_name":"Kayak Gonflable","author_link":"https:\/\/kayakgonflable.com\/de\/author\/kayakgonflable\/"},"comment_info":0,"_links":{"self":[{"href":"https:\/\/kayakgonflable.com\/de\/wp-json\/wp\/v2\/pages\/31","targetHints":{"allow":["GET"]}}],"collection":[{"href":"https:\/\/kayakgonflable.com\/de\/wp-json\/wp\/v2\/pages"}],"about":[{"href":"https:\/\/kayakgonflable.com\/de\/wp-json\/wp\/v2\/types\/page"}],"author":[{"embeddable":true,"href":"https:\/\/kayakgonflable.com\/de\/wp-json\/wp\/v2\/users\/1"}],"replies":[{"embeddable":true,"href":"https:\/\/kayakgonflable.com\/de\/wp-json\/wp\/v2\/comments?post=31"}],"version-history":[{"count":0,"href":"https:\/\/kayakgonflable.com\/de\/wp-json\/wp\/v2\/pages\/31\/revisions"}],"wp:attachment":[{"href":"https:\/\/kayakgonflable.com\/de\/wp-json\/wp\/v2\/media?parent=31"}],"curies":[{"name":"wp","href":"https:\/\/api.w.org\/{rel}","templated":true}]}}