{"id":897,"date":"2023-09-21T12:46:20","date_gmt":"2023-09-21T12:46:20","guid":{"rendered":"https:\/\/kayakgonflable.com\/?page_id=897"},"modified":"2023-09-21T12:47:25","modified_gmt":"2023-09-21T12:47:25","slug":"clause-de-non-responsabilite","status":"publish","type":"page","link":"https:\/\/kayakgonflable.com\/fr\/clause-de-non-responsabilite\/","title":{"rendered":"Notre clause de non-responsabilit\u00e9 d&#039;affiliation"},"content":{"rendered":"<style>.kb-row-layout-id897_6a7820-67 > .kt-row-column-wrap{align-content:start;}:where(.kb-row-layout-id897_6a7820-67 > .kt-row-column-wrap) > .wp-block-kadence-column{justify-content:start;}.kb-row-layout-id897_6a7820-67 > .kt-row-column-wrap{column-gap:var(--global-kb-gap-md, 2rem);row-gap:var(--global-kb-gap-md, 2rem);max-width:600px;margin-left:auto;margin-right:auto;padding-top:200px;padding-right:0px;padding-bottom:150px;padding-left:0px;grid-template-columns:minmax(0, 1fr);}.kb-row-layout-id897_6a7820-67 > .kt-row-layout-overlay{opacity:0.22;mix-blend-mode:normal;}@media all and (max-width: 1024px){.kb-row-layout-id897_6a7820-67 > .kt-row-column-wrap{padding-top:80px;padding-right:20px;padding-bottom:80px;padding-left:20px;grid-template-columns:minmax(0, 1fr);}}@media all and (max-width: 767px){.kb-row-layout-id897_6a7820-67 > .kt-row-column-wrap{grid-template-columns:minmax(0, 1fr);}}<\/style><div class=\"kb-row-layout-wrap kb-row-layout-id897_6a7820-67 alignnone has-theme-palette3-background-color kt-row-has-bg wp-block-kadence-rowlayout\"><div class=\"kt-row-column-wrap kt-has-1-columns kt-row-layout-equal kt-tab-layout-inherit kt-mobile-layout-row kt-row-valign-top\">\n<style>.kadence-column897_4f5e25-3e > .kt-inside-inner-col{padding-right:0px;padding-left:0px;}.kadence-column897_4f5e25-3e > .kt-inside-inner-col,.kadence-column897_4f5e25-3e > .kt-inside-inner-col:before{border-top-left-radius:0px;border-top-right-radius:0px;border-bottom-right-radius:0px;border-bottom-left-radius:0px;}.kadence-column897_4f5e25-3e > .kt-inside-inner-col{column-gap:var(--global-kb-gap-sm, 1rem);}.kadence-column897_4f5e25-3e > .kt-inside-inner-col{flex-direction:column;}.kadence-column897_4f5e25-3e > .kt-inside-inner-col > .aligncenter{width:100%;}.kadence-column897_4f5e25-3e > .kt-inside-inner-col:before{opacity:0.3;}.kadence-column897_4f5e25-3e{position:relative;}.kadence-column897_4f5e25-3e, .kt-inside-inner-col > .kadence-column897_4f5e25-3e:not(.specificity){margin-right:0px;margin-left:0px;}@media all and (max-width: 1024px){.kadence-column897_4f5e25-3e > .kt-inside-inner-col{flex-direction:column;justify-content:center;}}@media all and (max-width: 767px){.kadence-column897_4f5e25-3e > .kt-inside-inner-col{padding-top:20px;padding-right:20px;padding-bottom:20px;padding-left:20px;flex-direction:column;justify-content:center;}}<\/style>\n<div class=\"wp-block-kadence-column kadence-column897_4f5e25-3e inner-column-1\"><div class=\"kt-inside-inner-col\"><style>.wp-block-kadence-advancedheading.kt-adv-heading897_fafca3-55, .wp-block-kadence-advancedheading.kt-adv-heading897_fafca3-55[data-kb-block=\"kb-adv-heading897_fafca3-55\"]{padding-bottom:20px;margin-top:0px;margin-bottom:0px;text-align:center;font-style:normal;text-transform:capitalize;}.wp-block-kadence-advancedheading.kt-adv-heading897_fafca3-55 mark.kt-highlight, .wp-block-kadence-advancedheading.kt-adv-heading897_fafca3-55[data-kb-block=\"kb-adv-heading897_fafca3-55\"] mark.kt-highlight{font-style:normal;color:#f76a0c;-webkit-box-decoration-break:clone;box-decoration-break:clone;padding-top:0px;padding-right:0px;padding-bottom:0px;padding-left:0px;}.wp-block-kadence-advancedheading.kt-adv-heading897_fafca3-55 img.kb-inline-image, .wp-block-kadence-advancedheading.kt-adv-heading897_fafca3-55[data-kb-block=\"kb-adv-heading897_fafca3-55\"] img.kb-inline-image{width:150px;vertical-align:baseline;}@media all and (max-width: 767px){.wp-block-kadence-advancedheading.kt-adv-heading897_fafca3-55, .wp-block-kadence-advancedheading.kt-adv-heading897_fafca3-55[data-kb-block=\"kb-adv-heading897_fafca3-55\"]{font-size:30px;text-align:center!important;}}<\/style>\n<h1 class=\"kt-adv-heading897_fafca3-55 wp-block-kadence-advancedheading has-theme-palette-9-color has-text-color\" data-kb-block=\"kb-adv-heading897_fafca3-55\"><strong>NOTRE CLAUSE DE NON-RESPONSABILIT\u00c9 POUR LES AFFILI\u00c9S<\/strong><\/h1>\n<\/div><\/div>\n\n<\/div><\/div>\n\n<style>.kb-row-layout-id897_20c0ad-e6 > .kt-row-column-wrap{align-content:start;}:where(.kb-row-layout-id897_20c0ad-e6 > .kt-row-column-wrap) > .wp-block-kadence-column{justify-content:start;}.kb-row-layout-id897_20c0ad-e6 > .kt-row-column-wrap{column-gap:var(--global-kb-gap-sm, 1rem);row-gap:var(--global-kb-gap-md, 2rem);max-width:var( --global-content-width, 1290px );padding-left:var(--global-content-edge-padding);padding-right:var(--global-content-edge-padding);padding-top:40px;padding-right:30px;padding-bottom:40px;padding-left:30px;grid-template-columns:minmax(0, 1fr);}.kb-row-layout-id897_20c0ad-e6 > .kt-row-layout-overlay{opacity:0.30;}@media all and (max-width: 1024px){.kb-row-layout-id897_20c0ad-e6 > .kt-row-column-wrap{padding-top:60px;padding-right:20px;padding-bottom:60px;padding-left:20px;grid-template-columns:minmax(0, 1fr);}}@media all and (max-width: 767px){.kb-row-layout-id897_20c0ad-e6 > .kt-row-column-wrap{padding-top:40px;padding-right:0px;padding-bottom:0px;padding-left:0px;grid-template-columns:minmax(0, 1fr);}}<\/style><div class=\"kb-row-layout-wrap kb-row-layout-id897_20c0ad-e6 alignnone has-theme-palette9-background-color kt-row-has-bg wp-block-kadence-rowlayout\"><div class=\"kt-row-column-wrap kt-has-1-columns kt-row-layout-equal kt-tab-layout-inherit kt-mobile-layout-row kt-row-valign-top kb-theme-content-width\">\n<style>.kadence-column897_5b5469-81 > .kt-inside-inner-col{padding-top:40px;padding-right:0px;padding-bottom:0px;padding-left:0px;}.kadence-column897_5b5469-81 > .kt-inside-inner-col,.kadence-column897_5b5469-81 > .kt-inside-inner-col:before{border-top-left-radius:0px;border-top-right-radius:0px;border-bottom-right-radius:0px;border-bottom-left-radius:0px;}.kadence-column897_5b5469-81 > .kt-inside-inner-col{column-gap:var(--global-kb-gap-sm, 1rem);}.kadence-column897_5b5469-81 > .kt-inside-inner-col{flex-direction:column;}.kadence-column897_5b5469-81 > .kt-inside-inner-col > .aligncenter{width:100%;}.kadence-column897_5b5469-81 > .kt-inside-inner-col:before{opacity:0.3;}.kadence-column897_5b5469-81{position:relative;}.kadence-column897_5b5469-81, .kt-inside-inner-col > .kadence-column897_5b5469-81:not(.specificity){margin-top:0px;margin-right:80px;margin-bottom:0px;margin-left:15px;}@media all and (max-width: 1024px){.kadence-column897_5b5469-81 > .kt-inside-inner-col{padding-top:0px;padding-right:0px;padding-bottom:0px;padding-left:0px;flex-direction:column;justify-content:center;}}@media all and (max-width: 1024px){.kadence-column897_5b5469-81, .kt-inside-inner-col > .kadence-column897_5b5469-81:not(.specificity){margin-right:0px;margin-left:0px;}}@media all and (max-width: 767px){.kadence-column897_5b5469-81 > .kt-inside-inner-col{padding-top:0px;padding-right:20px;padding-bottom:0px;padding-left:20px;flex-direction:column;justify-content:center;}.kadence-column897_5b5469-81, .kt-inside-inner-col > .kadence-column897_5b5469-81:not(.specificity){margin-right:0px;margin-left:0px;}}<\/style>\n<div class=\"wp-block-kadence-column kadence-column897_5b5469-81 inner-column-1\"><div class=\"kt-inside-inner-col\"><style>.wp-block-kadence-advancedheading.kt-adv-heading897_130432-04, .wp-block-kadence-advancedheading.kt-adv-heading897_130432-04[data-kb-block=\"kb-adv-heading897_130432-04\"]{text-align:center;font-style:normal;}.wp-block-kadence-advancedheading.kt-adv-heading897_130432-04 mark.kt-highlight, .wp-block-kadence-advancedheading.kt-adv-heading897_130432-04[data-kb-block=\"kb-adv-heading897_130432-04\"] mark.kt-highlight{font-style:normal;color:#f76a0c;-webkit-box-decoration-break:clone;box-decoration-break:clone;padding-top:0px;padding-right:0px;padding-bottom:0px;padding-left:0px;}.wp-block-kadence-advancedheading.kt-adv-heading897_130432-04 img.kb-inline-image, .wp-block-kadence-advancedheading.kt-adv-heading897_130432-04[data-kb-block=\"kb-adv-heading897_130432-04\"] img.kb-inline-image{width:150px;vertical-align:baseline;}@media all and (max-width: 1024px){.wp-block-kadence-advancedheading.kt-adv-heading897_130432-04, .wp-block-kadence-advancedheading.kt-adv-heading897_130432-04[data-kb-block=\"kb-adv-heading897_130432-04\"]{text-align:center!important;}}@media all and (max-width: 767px){.wp-block-kadence-advancedheading.kt-adv-heading897_130432-04, .wp-block-kadence-advancedheading.kt-adv-heading897_130432-04[data-kb-block=\"kb-adv-heading897_130432-04\"]{text-align:center!important;}}<\/style>\n<h3 class=\"kt-adv-heading897_130432-04 wp-block-kadence-advancedheading\" data-kb-block=\"kb-adv-heading897_130432-04\">VEUILLEZ LIRE ATTENTIVEMENT NOTRE CLAUSE DE NON-RESPONSABILIT\u00c9 AVANT D'UTILISER NOTRE SITE WEB.<\/h3>\n\n\n\n<p>Il s'agit de&nbsp;<a href=\"https:\/\/kayakgonflable.com\/fr\/\">www.kayakgonflable.com<\/a>(et de la divulgation) :<\/p>\n\n\n\n<p>Si vous cliquez sur un lien trouv\u00e9 sur ce site qui m\u00e8ne \u00e0 un site web tiers o\u00f9 vous pouvez acheter des produits, nous pouvons percevoir une commission d'affiliation si vous proc\u00e9dez \u00e0 un achat. Cela ne vous co\u00fbte rien de plus, bien entendu.&nbsp;<\/p>\n\n\n\n<p>L'objectif principal de ce site est d'informer et d'\u00e9duquer nos utilisateurs. Ce site n\u00e9cessite de l'argent et un temps consid\u00e9rable pour fonctionner et requiert des m\u00e9thodes de mon\u00e9tisation, telles que la publicit\u00e9 et les commissions d'affiliation, afin de joindre les deux bouts.<\/p>\n\n\n\n<p>Tout produit ou service que nous \u00e9valuons et recommandons a fait l'objet de recherches approfondies afin de vous offrir la meilleure valeur possible (le lecteur).  Nous n'\u00e9tablissons pas de liens vers des produits dans le seul but d'en tirer un b\u00e9n\u00e9fice financier. Nous pensons que nos recommandations et nos approbations doivent \u00e9galement apporter de la valeur.<\/p>\n\n\n\n<p>Toutefois, si vous trouvez un lien vers un produit tiers, que ce soit dans un commentaire sur un produit ou autre, nous tenons \u00e0 ce que vous sachiez qu'il est fort possible que nous recevions une commission si vous proc\u00e9dez \u00e0 un achat. En ce qui concerne cette d\u00e9claration :<\/p>\n\n\n\n<p>\"kayakgonflable.com participe au Amazon Services LLC Associates Program, un programme de publicit\u00e9 d'affiliation con\u00e7u pour permettre aux sites de gagner des commissions publicitaires en faisant de la publicit\u00e9 et en cr\u00e9ant des liens vers amazon.com.<\/p>\n\n\n\n<p><strong>Remarque importante :<\/strong>&nbsp;Tous les logos et contenus publicitaires d'Amazon sont des marques d\u00e9pos\u00e9es d'Amazon.com, Inc. ou de ses filiales.<\/p>\n<\/div><\/div>\n\n<\/div><\/div>\n\n<style>.kb-row-layout-id897_a17b9f-3a > .kt-row-column-wrap{align-content:start;}:where(.kb-row-layout-id897_a17b9f-3a > .kt-row-column-wrap) > .wp-block-kadence-column{justify-content:start;}.kb-row-layout-id897_a17b9f-3a > .kt-row-column-wrap{column-gap:var(--global-kb-gap-md, 2rem);row-gap:var(--global-kb-gap-md, 2rem);padding-top:80px;padding-right:20px;padding-bottom:80px;padding-left:20px;grid-template-columns:minmax(0, 1fr);}.kb-row-layout-id897_a17b9f-3a > .kt-row-layout-overlay{opacity:0.30;}@media all and (max-width: 1024px){.kb-row-layout-id897_a17b9f-3a > .kt-row-column-wrap{padding-top:60px;padding-right:100px;padding-bottom:60px;padding-left:100px;grid-template-columns:minmax(0, 1fr);}}@media all and (max-width: 767px){.kb-row-layout-id897_a17b9f-3a > .kt-row-column-wrap{padding-top:40px;padding-right:20px;padding-bottom:40px;padding-left:20px;grid-template-columns:minmax(0, 1fr);}}<\/style><div class=\"kb-row-layout-wrap kb-row-layout-id897_a17b9f-3a alignnone wp-block-kadence-rowlayout\"><div class=\"kt-row-column-wrap kt-has-1-columns kt-row-layout-equal kt-tab-layout-inherit kt-mobile-layout-row kt-row-valign-top\">\n<style>.kadence-column897_aba121-a1 > .kt-inside-inner-col,.kadence-column897_aba121-a1 > .kt-inside-inner-col:before{border-top-left-radius:0px;border-top-right-radius:0px;border-bottom-right-radius:0px;border-bottom-left-radius:0px;}.kadence-column897_aba121-a1 > .kt-inside-inner-col{column-gap:var(--global-kb-gap-sm, 1rem);}.kadence-column897_aba121-a1 > .kt-inside-inner-col{flex-direction:column;}.kadence-column897_aba121-a1 > .kt-inside-inner-col > .aligncenter{width:100%;}.kadence-column897_aba121-a1 > .kt-inside-inner-col:before{opacity:0.3;}.kadence-column897_aba121-a1{position:relative;}@media all and (max-width: 1024px){.kadence-column897_aba121-a1 > .kt-inside-inner-col{flex-direction:column;justify-content:center;}}@media all and (max-width: 767px){.kadence-column897_aba121-a1 > .kt-inside-inner-col{flex-direction:column;justify-content:center;}}<\/style>\n<div class=\"wp-block-kadence-column kadence-column897_aba121-a1\"><div class=\"kt-inside-inner-col\"><\/div><\/div>\n\n<\/div><\/div>","protected":false},"excerpt":{"rendered":"<p>OUR AFFILIATE DISCLAIMER PLEASE READ OUR DISCLAIMER CAREFULLY, BEFORE USING OUR WEBSITE. This is&nbsp;www.kayakgonflable.com\u2019s disclaimer (and disclosure): If you click on a link found on this site that leads to a 3rd-party website where you can purchase goods, we may earn an affiliate commission if you proceed to purchase something. This is at no extra&#8230;<\/p>","protected":false},"author":1,"featured_media":0,"parent":0,"menu_order":0,"comment_status":"closed","ping_status":"closed","template":"","meta":{"_kad_blocks_custom_css":"","_kad_blocks_head_custom_js":"","_kad_blocks_body_custom_js":"","_kad_blocks_footer_custom_js":"","_kad_post_transparent":"","_kad_post_title":"hide","_kad_post_layout":"fullwidth","_kad_post_sidebar_id":"","_kad_post_content_style":"unboxed","_kad_post_vertical_padding":"hide","_kad_post_feature":"hide","_kad_post_feature_position":"","_kad_post_header":false,"_kad_post_footer":false,"_kad_post_classname":"","footnotes":""},"class_list":["post-897","page","type-page","status-publish","hentry"],"taxonomy_info":[],"featured_image_src_large":false,"author_info":{"display_name":"Kayak Gonflable","author_link":"https:\/\/kayakgonflable.com\/fr\/author\/kayakgonflable\/"},"comment_info":0,"_links":{"self":[{"href":"https:\/\/kayakgonflable.com\/fr\/wp-json\/wp\/v2\/pages\/897","targetHints":{"allow":["GET"]}}],"collection":[{"href":"https:\/\/kayakgonflable.com\/fr\/wp-json\/wp\/v2\/pages"}],"about":[{"href":"https:\/\/kayakgonflable.com\/fr\/wp-json\/wp\/v2\/types\/page"}],"author":[{"embeddable":true,"href":"https:\/\/kayakgonflable.com\/fr\/wp-json\/wp\/v2\/users\/1"}],"replies":[{"embeddable":true,"href":"https:\/\/kayakgonflable.com\/fr\/wp-json\/wp\/v2\/comments?post=897"}],"version-history":[{"count":0,"href":"https:\/\/kayakgonflable.com\/fr\/wp-json\/wp\/v2\/pages\/897\/revisions"}],"wp:attachment":[{"href":"https:\/\/kayakgonflable.com\/fr\/wp-json\/wp\/v2\/media?parent=897"}],"curies":[{"name":"wp","href":"https:\/\/api.w.org\/{rel}","templated":true}]}}